{"id":5407,"date":"2026-01-16T19:59:54","date_gmt":"2026-01-16T18:59:54","guid":{"rendered":"https:\/\/lapegatina.wwwood.info\/contacte\/"},"modified":"2026-02-12T11:42:11","modified_gmt":"2026-02-12T10:42:11","slug":"contacte","status":"publish","type":"page","link":"https:\/\/lapegatina.com\/ca\/contacte\/","title":{"rendered":"Contacte"},"content":{"rendered":"\t\t<div data-elementor-type=\"wp-page\" data-elementor-id=\"5407\" class=\"elementor elementor-5407 elementor-544\" data-elementor-post-type=\"page\">\n\t\t\t\t\t\t<section class=\"elementor-section elementor-top-section elementor-element elementor-element-e413f63 elementor-section-full_width elementor-section-content-middle elementor-section-height-min-height elementor-section-height-default elementor-section-items-middle\" data-id=\"e413f63\" data-element_type=\"section\" data-e-type=\"section\" data-settings=\"{&quot;background_background&quot;:&quot;classic&quot;}\">\n\t\t\t\t\t\t<div class=\"elementor-container elementor-column-gap-no\">\n\t\t\t\t\t<div class=\"elementor-column elementor-col-100 elementor-top-column elementor-element elementor-element-6b11fed\" data-id=\"6b11fed\" data-element_type=\"column\" data-e-type=\"column\">\n\t\t\t<div class=\"elementor-widget-wrap\">\n\t\t\t\t\t\t\t<\/div>\n\t\t<\/div>\n\t\t\t\t\t<\/div>\n\t\t<\/section>\n\t\t\t\t<section class=\"elementor-section elementor-top-section elementor-element elementor-element-e65d578 elementor-section-full_width elementor-section-content-middle elementor-section-height-default elementor-section-height-default\" data-id=\"e65d578\" data-element_type=\"section\" data-e-type=\"section\">\n\t\t\t\t\t\t<div class=\"elementor-container elementor-column-gap-no\">\n\t\t\t\t\t<div class=\"elementor-column elementor-col-100 elementor-top-column elementor-element elementor-element-222270d\" data-id=\"222270d\" data-element_type=\"column\" data-e-type=\"column\">\n\t\t\t<div class=\"elementor-widget-wrap elementor-element-populated\">\n\t\t\t\t\t\t<section class=\"elementor-section elementor-inner-section elementor-element elementor-element-8dacf89 elementor-section-content-middle elementor-section-boxed elementor-section-height-default elementor-section-height-default\" data-id=\"8dacf89\" data-element_type=\"section\" data-e-type=\"section\">\n\t\t\t\t\t\t<div class=\"elementor-container elementor-column-gap-default\">\n\t\t\t\t\t<div class=\"elementor-column elementor-col-100 elementor-inner-column elementor-element elementor-element-d098fcf\" data-id=\"d098fcf\" data-element_type=\"column\" data-e-type=\"column\">\n\t\t\t<div class=\"elementor-widget-wrap elementor-element-populated\">\n\t\t\t\t\t\t<div class=\"elementor-element elementor-element-d0b8db1 elementor-widget__width-auto elementor-widget elementor-widget-heading\" data-id=\"d0b8db1\" data-element_type=\"widget\" data-e-type=\"widget\" data-widget_type=\"heading.default\">\n\t\t\t\t\t<div class=\"elementor-heading-title elementor-size-default\"><a href=\"https:\/\/lapegatina.com\/ca\/\">LA PEGATINA | <\/a><\/div>\t\t\t\t<\/div>\n\t\t\t\t<div class=\"elementor-element elementor-element-36ff1e6 elementor-widget__width-auto elementor-widget elementor-widget-heading\" data-id=\"36ff1e6\" data-element_type=\"widget\" data-e-type=\"widget\" data-widget_type=\"heading.default\">\n\t\t\t\t\t<h1 class=\"elementor-heading-title elementor-size-default\">CONTACTE<\/h1>\t\t\t\t<\/div>\n\t\t\t\t\t<\/div>\n\t\t<\/div>\n\t\t\t\t\t<\/div>\n\t\t<\/section>\n\t\t\t\t\t<\/div>\n\t\t<\/div>\n\t\t\t\t\t<\/div>\n\t\t<\/section>\n\t\t\t\t<section class=\"elementor-section elementor-top-section elementor-element elementor-element-d5b842c elementor-section-boxed elementor-section-height-default elementor-section-height-default\" data-id=\"d5b842c\" data-element_type=\"section\" data-e-type=\"section\">\n\t\t\t\t\t\t<div class=\"elementor-container elementor-column-gap-no\">\n\t\t\t\t\t<div class=\"elementor-column elementor-col-100 elementor-top-column elementor-element elementor-element-bf632a5\" data-id=\"bf632a5\" data-element_type=\"column\" data-e-type=\"column\">\n\t\t\t<div class=\"elementor-widget-wrap elementor-element-populated\">\n\t\t\t\t\t\t<section class=\"elementor-section elementor-inner-section elementor-element elementor-element-c8825f2 elementor-section-boxed elementor-section-height-default elementor-section-height-default\" data-id=\"c8825f2\" data-element_type=\"section\" data-e-type=\"section\">\n\t\t\t\t\t\t<div class=\"elementor-container elementor-column-gap-no\">\n\t\t\t\t\t<div class=\"elementor-column elementor-col-25 elementor-inner-column elementor-element elementor-element-9c18c1f\" data-id=\"9c18c1f\" data-element_type=\"column\" data-e-type=\"column\">\n\t\t\t<div class=\"elementor-widget-wrap elementor-element-populated\">\n\t\t\t\t\t\t<div class=\"elementor-element elementor-element-47c656d cuadro-contacto elementor-position-top elementor-widget elementor-widget-image-box\" data-id=\"47c656d\" data-element_type=\"widget\" data-e-type=\"widget\" data-widget_type=\"image-box.default\">\n\t\t\t\t\t<div class=\"elementor-image-box-wrapper\"><figure class=\"elementor-image-box-img\"><img fetchpriority=\"high\" decoding=\"async\" width=\"735\" height=\"345\" src=\"https:\/\/lapegatina.com\/wp-content\/uploads\/2026\/01\/sonde3-1.png\" class=\"attachment-full size-full wp-image-5413\" alt=\"\" srcset=\"https:\/\/lapegatina.com\/wp-content\/uploads\/2026\/01\/sonde3-1.png 735w, https:\/\/lapegatina.com\/wp-content\/uploads\/2026\/01\/sonde3-1-300x141.png 300w\" sizes=\"(max-width: 735px) 100vw, 735px\" \/><\/figure><div class=\"elementor-image-box-content\"><h3 class=\"elementor-image-box-title\">CONTRACTACI\u00d3<\/h3><p class=\"elementor-image-box-description\">Sonde3<br><a href=\"tel:+34%20649%20112%20324\">+34 649 112 324<\/a><br><a href=\"mailto:german@sonde3.com\">german@sonde3.com<\/a><br><a href=\"https:\/\/www.sonde3.com\" rel=\"nofollow noopener\">www.sonde3.com<\/a><\/p><\/div><\/div>\t\t\t\t<\/div>\n\t\t\t\t\t<\/div>\n\t\t<\/div>\n\t\t\t\t<div class=\"elementor-column elementor-col-25 elementor-inner-column elementor-element elementor-element-860f8f5\" data-id=\"860f8f5\" data-element_type=\"column\" data-e-type=\"column\">\n\t\t\t<div class=\"elementor-widget-wrap elementor-element-populated\">\n\t\t\t\t\t\t<div class=\"elementor-element elementor-element-ddfbd8c cuadro-contacto elementor-position-top elementor-widget elementor-widget-image-box\" data-id=\"ddfbd8c\" data-element_type=\"widget\" data-e-type=\"widget\" data-widget_type=\"image-box.default\">\n\t\t\t\t\t<div class=\"elementor-image-box-wrapper\"><figure class=\"elementor-image-box-img\"><img fetchpriority=\"high\" decoding=\"async\" width=\"735\" height=\"345\" src=\"https:\/\/lapegatina.com\/wp-content\/uploads\/2026\/01\/sonde3-1.png\" class=\"attachment-full size-full wp-image-5413\" alt=\"\" srcset=\"https:\/\/lapegatina.com\/wp-content\/uploads\/2026\/01\/sonde3-1.png 735w, https:\/\/lapegatina.com\/wp-content\/uploads\/2026\/01\/sonde3-1-300x141.png 300w\" sizes=\"(max-width: 735px) 100vw, 735px\" \/><\/figure><div class=\"elementor-image-box-content\"><h3 class=\"elementor-image-box-title\">COMUNICACI\u00d3<\/h3><p class=\"elementor-image-box-description\">Sonde3<br><a href=\"tel:+34%20649%20112%20324\">+34 649 112 324<\/a><br><a href=\"mailto:david@sonde3.com\">david@sonde3.com<\/a><br><a href=\"https:\/\/www.sonde3.com\" rel=\"nofollow noopener\">www.sonde3.com<\/a><\/p><\/div><\/div>\t\t\t\t<\/div>\n\t\t\t\t\t<\/div>\n\t\t<\/div>\n\t\t\t\t<div class=\"elementor-column elementor-col-25 elementor-inner-column elementor-element elementor-element-f64553c\" data-id=\"f64553c\" data-element_type=\"column\" data-e-type=\"column\">\n\t\t\t<div class=\"elementor-widget-wrap elementor-element-populated\">\n\t\t\t\t\t\t<div class=\"elementor-element elementor-element-397d640 cuadro-contacto elementor-position-top elementor-widget elementor-widget-image-box\" data-id=\"397d640\" data-element_type=\"widget\" data-e-type=\"widget\" data-widget_type=\"image-box.default\">\n\t\t\t\t\t<div class=\"elementor-image-box-wrapper\"><figure class=\"elementor-image-box-img\"><img decoding=\"async\" width=\"735\" height=\"343\" src=\"https:\/\/lapegatina.com\/wp-content\/uploads\/2026\/01\/calaverita-1.png\" class=\"attachment-full size-full wp-image-5415\" alt=\"\" srcset=\"https:\/\/lapegatina.com\/wp-content\/uploads\/2026\/01\/calaverita-1.png 735w, https:\/\/lapegatina.com\/wp-content\/uploads\/2026\/01\/calaverita-1-300x140.png 300w\" sizes=\"(max-width: 735px) 100vw, 735px\" \/><\/figure><div class=\"elementor-image-box-content\"><h3 class=\"elementor-image-box-title\">Discogr\u00e0fica<\/h3><p class=\"elementor-image-box-description\">Calaverita Records - Jorge<br><a href=\"tel:+34%20655%20139%20212\">+34 655 139 212<\/a><br><a href=\"mailto:jvalencia@calaveritarecords.com\">jvalencia@calaveritarecords.com<\/a><br><a href=\"https:\/\/www.calaveritarecords.com\" rel=\"nofollow noopener\">www.calaveritarecords.com<\/a><\/p><\/div><\/div>\t\t\t\t<\/div>\n\t\t\t\t\t<\/div>\n\t\t<\/div>\n\t\t\t\t<div class=\"elementor-column elementor-col-25 elementor-inner-column elementor-element elementor-element-dee64db\" data-id=\"dee64db\" data-element_type=\"column\" data-e-type=\"column\">\n\t\t\t<div class=\"elementor-widget-wrap elementor-element-populated\">\n\t\t\t\t\t\t<div class=\"elementor-element elementor-element-eae0cc7 cuadro-contacto elementor-position-top elementor-widget elementor-widget-image-box\" data-id=\"eae0cc7\" data-element_type=\"widget\" data-e-type=\"widget\" data-widget_type=\"image-box.default\">\n\t\t\t\t\t<div class=\"elementor-image-box-wrapper\"><figure class=\"elementor-image-box-img\"><img decoding=\"async\" width=\"629\" height=\"345\" src=\"https:\/\/lapegatina.com\/wp-content\/uploads\/2026\/02\/la-pegatina-contacto.png\" class=\"attachment-full size-full wp-image-5417\" alt=\"\" srcset=\"https:\/\/lapegatina.com\/wp-content\/uploads\/2026\/02\/la-pegatina-contacto.png 629w, https:\/\/lapegatina.com\/wp-content\/uploads\/2026\/02\/la-pegatina-contacto-300x165.png 300w\" sizes=\"(max-width: 629px) 100vw, 629px\" \/><\/figure><div class=\"elementor-image-box-content\"><h3 class=\"elementor-image-box-title\">El grup<\/h3><p class=\"elementor-image-box-description\"><a href=\"mailto:contacto@lapegatina.com\">contacto@lapegatina.com<\/a><br><\/p><\/div><\/div>\t\t\t\t<\/div>\n\t\t\t\t<div class=\"elementor-element elementor-element-04d8b1e elementor-widget elementor-widget-heading\" data-id=\"04d8b1e\" data-element_type=\"widget\" data-e-type=\"widget\" data-widget_type=\"heading.default\">\n\t\t\t\t\t<div class=\"elementor-heading-title elementor-size-default\">Botiga<\/div>\t\t\t\t<\/div>\n\t\t\t\t<div class=\"elementor-element elementor-element-facd5bd elementor-widget elementor-widget-text-editor\" data-id=\"facd5bd\" data-element_type=\"widget\" data-e-type=\"widget\" data-widget_type=\"text-editor.default\">\n\t\t\t\t\t\t\t\t\t<a href=\"mailto:shop@lapegatina.com\" target=\"_blank\" rel=\"noopener\" style=\"color:#000\">shop@lapegatina.com<\/a>\t\t\t\t\t\t\t\t<\/div>\n\t\t\t\t\t<\/div>\n\t\t<\/div>\n\t\t\t\t\t<\/div>\n\t\t<\/section>\n\t\t\t\t\t<\/div>\n\t\t<\/div>\n\t\t\t\t\t<\/div>\n\t\t<\/section>\n\t\t\t\t<\/div>\n\t\t","protected":false},"excerpt":{"rendered":"<p>LA PEGATINA | CONTACTE CONTRACTACI\u00d3 Sonde3+34 649 112 324german@sonde3.comwww.sonde3.com COMUNICACI\u00d3 Sonde3+34 649 112 324david@sonde3.comwww.sonde3.com Discogr\u00e0fica Calaverita Records &#8211; Jorge+34 655 139 212jvalencia@calaveritarecords.comwww.calaveritarecords.com El grup contacto@lapegatina.com Botiga shop@lapegatina.com<\/p>\n","protected":false},"author":1,"featured_media":0,"parent":0,"menu_order":0,"comment_status":"closed","ping_status":"closed","template":"","meta":{"footnotes":""},"class_list":["post-5407","page","type-page","status-publish","hentry"],"_links":{"self":[{"href":"https:\/\/lapegatina.com\/ca\/wp-json\/wp\/v2\/pages\/5407","targetHints":{"allow":["GET"]}}],"collection":[{"href":"https:\/\/lapegatina.com\/ca\/wp-json\/wp\/v2\/pages"}],"about":[{"href":"https:\/\/lapegatina.com\/ca\/wp-json\/wp\/v2\/types\/page"}],"author":[{"embeddable":true,"href":"https:\/\/lapegatina.com\/ca\/wp-json\/wp\/v2\/users\/1"}],"replies":[{"embeddable":true,"href":"https:\/\/lapegatina.com\/ca\/wp-json\/wp\/v2\/comments?post=5407"}],"version-history":[{"count":5,"href":"https:\/\/lapegatina.com\/ca\/wp-json\/wp\/v2\/pages\/5407\/revisions"}],"predecessor-version":[{"id":6616,"href":"https:\/\/lapegatina.com\/ca\/wp-json\/wp\/v2\/pages\/5407\/revisions\/6616"}],"wp:attachment":[{"href":"https:\/\/lapegatina.com\/ca\/wp-json\/wp\/v2\/media?parent=5407"}],"curies":[{"name":"wp","href":"https:\/\/api.w.org\/{rel}","templated":true}]}}